{"id":933,"date":"2023-12-14T07:14:11","date_gmt":"2023-12-14T07:14:11","guid":{"rendered":"https:\/\/zrinjski.ea93.agency\/stadion\/"},"modified":"2024-05-07T19:40:02","modified_gmt":"2024-05-07T19:40:02","slug":"stadion","status":"publish","type":"page","link":"https:\/\/hskzrinjski.ba\/en\/stadion\/","title":{"rendered":"Stadion"},"content":{"rendered":"<p>Since 1958, when the first match was played there, it has been the stadium where FK Vele\u017e played their home games, while the Nobles began writing their history there in 1994, during the match against NK Mladost Dubint (NK \u0160iroki Brijeg) in the finals playoff for the champion of Herzeg-Bosnia.<\/p>\n<p>Located in the central part of the city, it is the second-largest stadium in Bosnia and Herzegovina in terms of capacity, behind the Asim Ferhatovi\u0107 Hase Stadium in Sarajevo.<\/p>\n<p>Before the installation of seated seats, it could accommodate over 20,000 spectators, whereas today the capacity is significantly smaller. The main stand (lower west) can accommodate 4,875 spectators, the upper west stand has a capacity of 2,380 seats, and currently, the eastern stand is under construction. Until 2023, it was the &#8220;Standing Tribune,&#8221; where the Nobles&#8217; most loyal fans, the Ultras, cheered them on.<\/p>\n<p>Within the stadium complex, there is an administrative building with official premises, including dressing rooms. Behind the southern goal, there is a training ground primarily used by the H\u0160K Zrinjski Football School.<\/p>\n","protected":false},"excerpt":{"rendered":"<p>Since 1958, when the first match was played there, it has been the stadium where FK Vele\u017e played their home games, while the Nobles began writing their history there in 1994, during the match against NK Mladost Dubint (NK \u0160iroki Brijeg) in the finals playoff for the champion of Herzeg-Bosnia. Located in the central part [&hellip;]<\/p>\n","protected":false},"author":1,"featured_media":0,"parent":0,"menu_order":0,"comment_status":"closed","ping_status":"closed","template":"tpl-layouts.php","meta":{"_acf_changed":false,"footnotes":""},"acf":[],"yoast_head":"<!-- This site is optimized with the Yoast SEO plugin v22.7 - https:\/\/yoast.com\/wordpress\/plugins\/seo\/ -->\n<title>Stadion<\/title>\n<meta name=\"robots\" content=\"index, follow, max-snippet:-1, max-image-preview:large, max-video-preview:-1\" \/>\n<link rel=\"canonical\" href=\"https:\/\/hskzrinjski.ba\/stadion\/\" \/>\n<meta property=\"og:locale\" content=\"en_US\" \/>\n<meta property=\"og:type\" content=\"article\" \/>\n<meta property=\"og:title\" content=\"Stadion\" \/>\n<meta property=\"og:description\" content=\"Since 1958, when the first match was played there, it has been the stadium where FK Vele\u017e played their home games, while the Nobles began writing their history there in 1994, during the match against NK Mladost Dubint (NK \u0160iroki Brijeg) in the finals playoff for the champion of Herzeg-Bosnia. Located in the central part [&hellip;]\" \/>\n<meta property=\"og:url\" content=\"https:\/\/hskzrinjski.ba\/stadion\/\" \/>\n<meta property=\"og:site_name\" content=\"H\u0160K Zrinjski Mostar\" \/>\n<meta property=\"article:publisher\" content=\"https:\/\/www.facebook.com\/hsk.zrinjski\" \/>\n<meta property=\"article:modified_time\" content=\"2024-05-07T19:40:02+00:00\" \/>\n<meta property=\"og:image\" content=\"https:\/\/hskzrinjski.ba\/wp-content\/uploads\/2024\/05\/HSK-Zrinjski-Mostar.jpg\" \/>\n\t<meta property=\"og:image:width\" content=\"1200\" \/>\n\t<meta property=\"og:image:height\" content=\"675\" \/>\n\t<meta property=\"og:image:type\" content=\"image\/jpeg\" \/>\n<meta name=\"twitter:card\" content=\"summary_large_image\" \/>\n<meta name=\"twitter:site\" content=\"@hskzrinjski\" \/>\n<meta name=\"twitter:label1\" content=\"Est. reading time\" \/>\n\t<meta name=\"twitter:data1\" content=\"1 minute\" \/>\n<script type=\"application\/ld+json\" class=\"yoast-schema-graph\">{\"@context\":\"https:\/\/schema.org\",\"@graph\":[{\"@type\":\"WebPage\",\"@id\":\"https:\/\/hskzrinjski.ba\/stadion\/\",\"url\":\"https:\/\/hskzrinjski.ba\/stadion\/\",\"name\":\"Stadion\",\"isPartOf\":{\"@id\":\"https:\/\/hskzrinjski.ba\/#website\"},\"datePublished\":\"2023-12-14T07:14:11+00:00\",\"dateModified\":\"2024-05-07T19:40:02+00:00\",\"breadcrumb\":{\"@id\":\"https:\/\/hskzrinjski.ba\/stadion\/#breadcrumb\"},\"inLanguage\":\"en-US\",\"potentialAction\":[{\"@type\":\"ReadAction\",\"target\":[\"https:\/\/hskzrinjski.ba\/stadion\/\"]}]},{\"@type\":\"BreadcrumbList\",\"@id\":\"https:\/\/hskzrinjski.ba\/stadion\/#breadcrumb\",\"itemListElement\":[{\"@type\":\"ListItem\",\"position\":1,\"name\":\"Home\",\"item\":\"https:\/\/hskzrinjski.ba\/en\/\"},{\"@type\":\"ListItem\",\"position\":2,\"name\":\"Stadion\"}]},{\"@type\":\"WebSite\",\"@id\":\"https:\/\/hskzrinjski.ba\/#website\",\"url\":\"https:\/\/hskzrinjski.ba\/\",\"name\":\"H\u0160K Zrinjski Mostar\",\"description\":\"\u017divot i vi\u0161e.\",\"publisher\":{\"@id\":\"https:\/\/hskzrinjski.ba\/#organization\"},\"alternateName\":\"Zrinjski Mostar\",\"potentialAction\":[{\"@type\":\"SearchAction\",\"target\":{\"@type\":\"EntryPoint\",\"urlTemplate\":\"https:\/\/hskzrinjski.ba\/?s={search_term_string}\"},\"query-input\":\"required name=search_term_string\"}],\"inLanguage\":\"en-US\"},{\"@type\":\"Organization\",\"@id\":\"https:\/\/hskzrinjski.ba\/#organization\",\"name\":\"Hrvatski \u0161portski klub Zrinjski Mostar\",\"alternateName\":\"H\u0160K Zrinjski Mostar\",\"url\":\"https:\/\/hskzrinjski.ba\/\",\"logo\":{\"@type\":\"ImageObject\",\"inLanguage\":\"en-US\",\"@id\":\"https:\/\/hskzrinjski.ba\/#\/schema\/logo\/image\/\",\"url\":\"https:\/\/hskzrinjski.ba\/wp-content\/uploads\/2024\/05\/HSK-Zrinjski-Grb.png\",\"contentUrl\":\"https:\/\/hskzrinjski.ba\/wp-content\/uploads\/2024\/05\/HSK-Zrinjski-Grb.png\",\"width\":656,\"height\":656,\"caption\":\"Hrvatski \u0161portski klub Zrinjski Mostar\"},\"image\":{\"@id\":\"https:\/\/hskzrinjski.ba\/#\/schema\/logo\/image\/\"},\"sameAs\":[\"https:\/\/www.facebook.com\/hsk.zrinjski\",\"https:\/\/x.com\/hskzrinjski\",\"https:\/\/www.instagram.com\/hsk.zrinjski\"]}]}<\/script>\n<!-- \/ Yoast SEO plugin. -->","yoast_head_json":{"title":"Stadion","robots":{"index":"index","follow":"follow","max-snippet":"max-snippet:-1","max-image-preview":"max-image-preview:large","max-video-preview":"max-video-preview:-1"},"canonical":"https:\/\/hskzrinjski.ba\/stadion\/","og_locale":"en_US","og_type":"article","og_title":"Stadion","og_description":"Since 1958, when the first match was played there, it has been the stadium where FK Vele\u017e played their home games, while the Nobles began writing their history there in 1994, during the match against NK Mladost Dubint (NK \u0160iroki Brijeg) in the finals playoff for the champion of Herzeg-Bosnia. Located in the central part [&hellip;]","og_url":"https:\/\/hskzrinjski.ba\/stadion\/","og_site_name":"H\u0160K Zrinjski Mostar","article_publisher":"https:\/\/www.facebook.com\/hsk.zrinjski","article_modified_time":"2024-05-07T19:40:02+00:00","og_image":[{"width":1200,"height":675,"url":"https:\/\/hskzrinjski.ba\/wp-content\/uploads\/2024\/05\/HSK-Zrinjski-Mostar.jpg","type":"image\/jpeg"}],"twitter_card":"summary_large_image","twitter_site":"@hskzrinjski","twitter_misc":{"Est. reading time":"1 minute"},"schema":{"@context":"https:\/\/schema.org","@graph":[{"@type":"WebPage","@id":"https:\/\/hskzrinjski.ba\/stadion\/","url":"https:\/\/hskzrinjski.ba\/stadion\/","name":"Stadion","isPartOf":{"@id":"https:\/\/hskzrinjski.ba\/#website"},"datePublished":"2023-12-14T07:14:11+00:00","dateModified":"2024-05-07T19:40:02+00:00","breadcrumb":{"@id":"https:\/\/hskzrinjski.ba\/stadion\/#breadcrumb"},"inLanguage":"en-US","potentialAction":[{"@type":"ReadAction","target":["https:\/\/hskzrinjski.ba\/stadion\/"]}]},{"@type":"BreadcrumbList","@id":"https:\/\/hskzrinjski.ba\/stadion\/#breadcrumb","itemListElement":[{"@type":"ListItem","position":1,"name":"Home","item":"https:\/\/hskzrinjski.ba\/en\/"},{"@type":"ListItem","position":2,"name":"Stadion"}]},{"@type":"WebSite","@id":"https:\/\/hskzrinjski.ba\/#website","url":"https:\/\/hskzrinjski.ba\/","name":"H\u0160K Zrinjski Mostar","description":"\u017divot i vi\u0161e.","publisher":{"@id":"https:\/\/hskzrinjski.ba\/#organization"},"alternateName":"Zrinjski Mostar","potentialAction":[{"@type":"SearchAction","target":{"@type":"EntryPoint","urlTemplate":"https:\/\/hskzrinjski.ba\/?s={search_term_string}"},"query-input":"required name=search_term_string"}],"inLanguage":"en-US"},{"@type":"Organization","@id":"https:\/\/hskzrinjski.ba\/#organization","name":"Hrvatski \u0161portski klub Zrinjski Mostar","alternateName":"H\u0160K Zrinjski Mostar","url":"https:\/\/hskzrinjski.ba\/","logo":{"@type":"ImageObject","inLanguage":"en-US","@id":"https:\/\/hskzrinjski.ba\/#\/schema\/logo\/image\/","url":"https:\/\/hskzrinjski.ba\/wp-content\/uploads\/2024\/05\/HSK-Zrinjski-Grb.png","contentUrl":"https:\/\/hskzrinjski.ba\/wp-content\/uploads\/2024\/05\/HSK-Zrinjski-Grb.png","width":656,"height":656,"caption":"Hrvatski \u0161portski klub Zrinjski Mostar"},"image":{"@id":"https:\/\/hskzrinjski.ba\/#\/schema\/logo\/image\/"},"sameAs":["https:\/\/www.facebook.com\/hsk.zrinjski","https:\/\/x.com\/hskzrinjski","https:\/\/www.instagram.com\/hsk.zrinjski"]}]}},"_links":{"self":[{"href":"https:\/\/hskzrinjski.ba\/en\/wp-json\/wp\/v2\/pages\/933"}],"collection":[{"href":"https:\/\/hskzrinjski.ba\/en\/wp-json\/wp\/v2\/pages"}],"about":[{"href":"https:\/\/hskzrinjski.ba\/en\/wp-json\/wp\/v2\/types\/page"}],"author":[{"embeddable":true,"href":"https:\/\/hskzrinjski.ba\/en\/wp-json\/wp\/v2\/users\/1"}],"replies":[{"embeddable":true,"href":"https:\/\/hskzrinjski.ba\/en\/wp-json\/wp\/v2\/comments?post=933"}],"version-history":[{"count":2,"href":"https:\/\/hskzrinjski.ba\/en\/wp-json\/wp\/v2\/pages\/933\/revisions"}],"predecessor-version":[{"id":1272,"href":"https:\/\/hskzrinjski.ba\/en\/wp-json\/wp\/v2\/pages\/933\/revisions\/1272"}],"wp:attachment":[{"href":"https:\/\/hskzrinjski.ba\/en\/wp-json\/wp\/v2\/media?parent=933"}],"curies":[{"name":"wp","href":"https:\/\/api.w.org\/{rel}","templated":true}]}}