{"id":7474,"date":"2026-03-24T11:22:15","date_gmt":"2026-03-24T10:22:15","guid":{"rendered":"https:\/\/hskzrinjski.ba\/?page_id=7474"},"modified":"2026-03-24T11:22:15","modified_gmt":"2026-03-24T10:22:15","slug":"stats-4","status":"publish","type":"page","link":"https:\/\/hskzrinjski.ba\/en\/stats-4\/","title":{"rendered":"Stats"},"content":{"rendered":"","protected":false},"excerpt":{"rendered":"","protected":false},"author":2,"featured_media":7483,"parent":0,"menu_order":0,"comment_status":"closed","ping_status":"closed","template":"tpl-history.php","meta":{"_acf_changed":false,"footnotes":""},"acf":[],"yoast_head":"<!-- This site is optimized with the Yoast SEO plugin v22.7 - https:\/\/yoast.com\/wordpress\/plugins\/seo\/ -->\n<title>Stats<\/title>\n<meta name=\"robots\" content=\"index, follow, max-snippet:-1, max-image-preview:large, max-video-preview:-1\" \/>\n<link rel=\"canonical\" href=\"https:\/\/hskzrinjski.ba\/en\/stats-4\/\" \/>\n<meta property=\"og:locale\" content=\"en_US\" \/>\n<meta property=\"og:type\" content=\"article\" \/>\n<meta property=\"og:title\" content=\"Stats\" \/>\n<meta property=\"og:url\" content=\"https:\/\/hskzrinjski.ba\/en\/stats-4\/\" \/>\n<meta property=\"og:site_name\" content=\"H\u0160K Zrinjski Mostar\" \/>\n<meta property=\"article:publisher\" content=\"https:\/\/www.facebook.com\/hsk.zrinjski\" \/>\n<meta property=\"og:image\" content=\"https:\/\/hskzrinjski.ba\/wp-content\/uploads\/2026\/03\/Zrinjski-97-98.jpg\" \/>\n\t<meta property=\"og:image:width\" content=\"1000\" \/>\n\t<meta property=\"og:image:height\" content=\"673\" \/>\n\t<meta property=\"og:image:type\" content=\"image\/jpeg\" \/>\n<meta name=\"twitter:card\" content=\"summary_large_image\" \/>\n<meta name=\"twitter:site\" content=\"@hskzrinjski\" \/>\n<meta name=\"twitter:label1\" content=\"Est. reading time\" \/>\n\t<meta name=\"twitter:data1\" content=\"1 minute\" \/>\n<script type=\"application\/ld+json\" class=\"yoast-schema-graph\">{\"@context\":\"https:\/\/schema.org\",\"@graph\":[{\"@type\":\"WebPage\",\"@id\":\"https:\/\/hskzrinjski.ba\/en\/stats-4\/\",\"url\":\"https:\/\/hskzrinjski.ba\/en\/stats-4\/\",\"name\":\"Stats\",\"isPartOf\":{\"@id\":\"https:\/\/hskzrinjski.ba\/#website\"},\"primaryImageOfPage\":{\"@id\":\"https:\/\/hskzrinjski.ba\/en\/stats-4\/#primaryimage\"},\"image\":{\"@id\":\"https:\/\/hskzrinjski.ba\/en\/stats-4\/#primaryimage\"},\"thumbnailUrl\":\"https:\/\/hskzrinjski.ba\/wp-content\/uploads\/2026\/03\/Zrinjski-97-98.jpg\",\"datePublished\":\"2026-03-24T10:22:15+00:00\",\"dateModified\":\"2026-03-24T10:22:15+00:00\",\"breadcrumb\":{\"@id\":\"https:\/\/hskzrinjski.ba\/en\/stats-4\/#breadcrumb\"},\"inLanguage\":\"en-US\",\"potentialAction\":[{\"@type\":\"ReadAction\",\"target\":[\"https:\/\/hskzrinjski.ba\/en\/stats-4\/\"]}]},{\"@type\":\"ImageObject\",\"inLanguage\":\"en-US\",\"@id\":\"https:\/\/hskzrinjski.ba\/en\/stats-4\/#primaryimage\",\"url\":\"https:\/\/hskzrinjski.ba\/wp-content\/uploads\/2026\/03\/Zrinjski-97-98.jpg\",\"contentUrl\":\"https:\/\/hskzrinjski.ba\/wp-content\/uploads\/2026\/03\/Zrinjski-97-98.jpg\",\"width\":1000,\"height\":673},{\"@type\":\"BreadcrumbList\",\"@id\":\"https:\/\/hskzrinjski.ba\/en\/stats-4\/#breadcrumb\",\"itemListElement\":[{\"@type\":\"ListItem\",\"position\":1,\"name\":\"Home\",\"item\":\"https:\/\/hskzrinjski.ba\/en\/\"},{\"@type\":\"ListItem\",\"position\":2,\"name\":\"Stats\"}]},{\"@type\":\"WebSite\",\"@id\":\"https:\/\/hskzrinjski.ba\/#website\",\"url\":\"https:\/\/hskzrinjski.ba\/\",\"name\":\"H\u0160K Zrinjski Mostar\",\"description\":\"\u017divot i vi\u0161e.\",\"publisher\":{\"@id\":\"https:\/\/hskzrinjski.ba\/#organization\"},\"alternateName\":\"Zrinjski Mostar\",\"potentialAction\":[{\"@type\":\"SearchAction\",\"target\":{\"@type\":\"EntryPoint\",\"urlTemplate\":\"https:\/\/hskzrinjski.ba\/?s={search_term_string}\"},\"query-input\":\"required name=search_term_string\"}],\"inLanguage\":\"en-US\"},{\"@type\":\"Organization\",\"@id\":\"https:\/\/hskzrinjski.ba\/#organization\",\"name\":\"Hrvatski \u0161portski klub Zrinjski Mostar\",\"alternateName\":\"H\u0160K Zrinjski Mostar\",\"url\":\"https:\/\/hskzrinjski.ba\/\",\"logo\":{\"@type\":\"ImageObject\",\"inLanguage\":\"en-US\",\"@id\":\"https:\/\/hskzrinjski.ba\/#\/schema\/logo\/image\/\",\"url\":\"https:\/\/hskzrinjski.ba\/wp-content\/uploads\/2024\/05\/HSK-Zrinjski-Grb.png\",\"contentUrl\":\"https:\/\/hskzrinjski.ba\/wp-content\/uploads\/2024\/05\/HSK-Zrinjski-Grb.png\",\"width\":656,\"height\":656,\"caption\":\"Hrvatski \u0161portski klub Zrinjski Mostar\"},\"image\":{\"@id\":\"https:\/\/hskzrinjski.ba\/#\/schema\/logo\/image\/\"},\"sameAs\":[\"https:\/\/www.facebook.com\/hsk.zrinjski\",\"https:\/\/x.com\/hskzrinjski\",\"https:\/\/www.instagram.com\/hsk.zrinjski\"]}]}<\/script>\n<!-- \/ Yoast SEO plugin. -->","yoast_head_json":{"title":"Stats","robots":{"index":"index","follow":"follow","max-snippet":"max-snippet:-1","max-image-preview":"max-image-preview:large","max-video-preview":"max-video-preview:-1"},"canonical":"https:\/\/hskzrinjski.ba\/en\/stats-4\/","og_locale":"en_US","og_type":"article","og_title":"Stats","og_url":"https:\/\/hskzrinjski.ba\/en\/stats-4\/","og_site_name":"H\u0160K Zrinjski Mostar","article_publisher":"https:\/\/www.facebook.com\/hsk.zrinjski","og_image":[{"width":1000,"height":673,"url":"https:\/\/hskzrinjski.ba\/wp-content\/uploads\/2026\/03\/Zrinjski-97-98.jpg","type":"image\/jpeg"}],"twitter_card":"summary_large_image","twitter_site":"@hskzrinjski","twitter_misc":{"Est. reading time":"1 minute"},"schema":{"@context":"https:\/\/schema.org","@graph":[{"@type":"WebPage","@id":"https:\/\/hskzrinjski.ba\/en\/stats-4\/","url":"https:\/\/hskzrinjski.ba\/en\/stats-4\/","name":"Stats","isPartOf":{"@id":"https:\/\/hskzrinjski.ba\/#website"},"primaryImageOfPage":{"@id":"https:\/\/hskzrinjski.ba\/en\/stats-4\/#primaryimage"},"image":{"@id":"https:\/\/hskzrinjski.ba\/en\/stats-4\/#primaryimage"},"thumbnailUrl":"https:\/\/hskzrinjski.ba\/wp-content\/uploads\/2026\/03\/Zrinjski-97-98.jpg","datePublished":"2026-03-24T10:22:15+00:00","dateModified":"2026-03-24T10:22:15+00:00","breadcrumb":{"@id":"https:\/\/hskzrinjski.ba\/en\/stats-4\/#breadcrumb"},"inLanguage":"en-US","potentialAction":[{"@type":"ReadAction","target":["https:\/\/hskzrinjski.ba\/en\/stats-4\/"]}]},{"@type":"ImageObject","inLanguage":"en-US","@id":"https:\/\/hskzrinjski.ba\/en\/stats-4\/#primaryimage","url":"https:\/\/hskzrinjski.ba\/wp-content\/uploads\/2026\/03\/Zrinjski-97-98.jpg","contentUrl":"https:\/\/hskzrinjski.ba\/wp-content\/uploads\/2026\/03\/Zrinjski-97-98.jpg","width":1000,"height":673},{"@type":"BreadcrumbList","@id":"https:\/\/hskzrinjski.ba\/en\/stats-4\/#breadcrumb","itemListElement":[{"@type":"ListItem","position":1,"name":"Home","item":"https:\/\/hskzrinjski.ba\/en\/"},{"@type":"ListItem","position":2,"name":"Stats"}]},{"@type":"WebSite","@id":"https:\/\/hskzrinjski.ba\/#website","url":"https:\/\/hskzrinjski.ba\/","name":"H\u0160K Zrinjski Mostar","description":"\u017divot i vi\u0161e.","publisher":{"@id":"https:\/\/hskzrinjski.ba\/#organization"},"alternateName":"Zrinjski Mostar","potentialAction":[{"@type":"SearchAction","target":{"@type":"EntryPoint","urlTemplate":"https:\/\/hskzrinjski.ba\/?s={search_term_string}"},"query-input":"required name=search_term_string"}],"inLanguage":"en-US"},{"@type":"Organization","@id":"https:\/\/hskzrinjski.ba\/#organization","name":"Hrvatski \u0161portski klub Zrinjski Mostar","alternateName":"H\u0160K Zrinjski Mostar","url":"https:\/\/hskzrinjski.ba\/","logo":{"@type":"ImageObject","inLanguage":"en-US","@id":"https:\/\/hskzrinjski.ba\/#\/schema\/logo\/image\/","url":"https:\/\/hskzrinjski.ba\/wp-content\/uploads\/2024\/05\/HSK-Zrinjski-Grb.png","contentUrl":"https:\/\/hskzrinjski.ba\/wp-content\/uploads\/2024\/05\/HSK-Zrinjski-Grb.png","width":656,"height":656,"caption":"Hrvatski \u0161portski klub Zrinjski Mostar"},"image":{"@id":"https:\/\/hskzrinjski.ba\/#\/schema\/logo\/image\/"},"sameAs":["https:\/\/www.facebook.com\/hsk.zrinjski","https:\/\/x.com\/hskzrinjski","https:\/\/www.instagram.com\/hsk.zrinjski"]}]}},"_links":{"self":[{"href":"https:\/\/hskzrinjski.ba\/en\/wp-json\/wp\/v2\/pages\/7474"}],"collection":[{"href":"https:\/\/hskzrinjski.ba\/en\/wp-json\/wp\/v2\/pages"}],"about":[{"href":"https:\/\/hskzrinjski.ba\/en\/wp-json\/wp\/v2\/types\/page"}],"author":[{"embeddable":true,"href":"https:\/\/hskzrinjski.ba\/en\/wp-json\/wp\/v2\/users\/2"}],"replies":[{"embeddable":true,"href":"https:\/\/hskzrinjski.ba\/en\/wp-json\/wp\/v2\/comments?post=7474"}],"version-history":[{"count":1,"href":"https:\/\/hskzrinjski.ba\/en\/wp-json\/wp\/v2\/pages\/7474\/revisions"}],"predecessor-version":[{"id":7484,"href":"https:\/\/hskzrinjski.ba\/en\/wp-json\/wp\/v2\/pages\/7474\/revisions\/7484"}],"wp:featuredmedia":[{"embeddable":true,"href":"https:\/\/hskzrinjski.ba\/en\/wp-json\/wp\/v2\/media\/7483"}],"wp:attachment":[{"href":"https:\/\/hskzrinjski.ba\/en\/wp-json\/wp\/v2\/media?parent=7474"}],"curies":[{"name":"wp","href":"https:\/\/api.w.org\/{rel}","templated":true}]}}