{"id":492,"date":"2023-12-13T11:03:10","date_gmt":"2023-12-13T10:03:10","guid":{"rendered":"https:\/\/zrinjski.ea93.agency\/mediji\/"},"modified":"2024-05-18T06:28:26","modified_gmt":"2024-05-18T06:28:26","slug":"mediji","status":"publish","type":"page","link":"https:\/\/hskzrinjski.ba\/en\/mediji\/","title":{"rendered":"PRESS"},"content":{"rendered":"<p><strong>SINGLE GAME ACCREDITATION<br \/>\n<\/strong>As in previous seasons, individuals without seasonal accreditations will be able to accredit themselves for each home match of H\u0160K Zrinjski via the link <a href=\"https:\/\/hskzrinjski.ba\/mediji\/akreditiranje\" target=\"_new\" rel=\"noreferrer noopener\">https:\/\/hskzrinjski.ba\/mediji\/akreditiranje<\/a>, no later than three days before the match. After confirmation of accreditation via email, it can be collected on the day of the match at the official entrance no earlier than two hours before the match and no later than half an hour before the match. In exceptional circumstances, the Public Relations Department will inform media representatives about special times for collecting accreditations. NOTE: Requests received after the deadline will not be approved, regardless of the media outlet.<\/p>\n<p><strong>SEASONAL ACCREDITATION<br \/>\n<\/strong>Requests for seasonal press cards are accepted exclusively via email: <a target=\"_new\" rel=\"noreferrer noopener\">press@hskzrinjski.ba<\/a>. The request must be on the media house&#8217;s letterhead and include:<\/p>\n<p>Media name<br \/>\nName and surname of the chief editor or editor of the sports department<br \/>\nContact information of the editor (email and mobile)<br \/>\nName and surname of the journalist\/cameraman\/photographer<br \/>\nContact information of the journalist\/cameraman\/photographer (email and mobile)<br \/>\nType of accreditation: Press \/ Photo \/ TV \/ ZIS<br \/>\nSignature of the responsible editor<\/p>\n<p><strong>IMPORTANT NOTES<\/strong><br \/>\nAccreditations are issued exclusively to journalists who regularly attend senior and youth team matches, press conferences, and other events organized by H\u0160K Zrinjski Mostar.<\/p>\n<p>The club reserves the right not to issue accreditations to media outlets that do not adhere to the basics of journalistic ethics in reporting. Incomplete requests will not be considered. Seasonal accreditation is the property of H\u0160K Zrinjski Mostar, non-transferable, and any misuse is punishable. In case of loss or damage to the accreditation, please notify: <a target=\"_new\" rel=\"noreferrer noopener\">press@hskzrinjski.ba<\/a>. Finders are kindly requested to deliver the accreditation to: H\u0160K Zrinjski Mostar, Stjepana Radi\u0107a 45, 88000 Mostar. Accreditation owners and media outlets are responsible for their use.<\/p>\n<p><strong>PRESS ACTIVITIES<br \/>\n<\/strong>To receive notifications about media activities of H\u0160K Zrinjski, send an email to <a target=\"_new\" rel=\"noreferrer noopener\">press@hskzrinjski.ba<\/a> to be added to the mailing list. For arranging interviews with the coach, players, or other official personnel of H\u0160K Zrinjski, contact the Public Relations Department or send an email to <a target=\"_new\" rel=\"noreferrer noopener\">press@hskzrinjski.ba<\/a>.<\/p>\n","protected":false},"excerpt":{"rendered":"<p>SINGLE GAME ACCREDITATION As in previous seasons, individuals without seasonal accreditations will be able to accredit themselves for each home match of H\u0160K Zrinjski via the link https:\/\/hskzrinjski.ba\/mediji\/akreditiranje, no later than three days before the match. After confirmation of accreditation via email, it can be collected on the day of the match at the official [&hellip;]<\/p>\n","protected":false},"author":1,"featured_media":1281,"parent":0,"menu_order":0,"comment_status":"closed","ping_status":"closed","template":"tpl-layouts.php","meta":{"_acf_changed":false,"footnotes":""},"acf":[],"yoast_head":"<!-- This site is optimized with the Yoast SEO plugin v22.7 - https:\/\/yoast.com\/wordpress\/plugins\/seo\/ -->\n<title>PRESS<\/title>\n<meta name=\"robots\" content=\"index, follow, max-snippet:-1, max-image-preview:large, max-video-preview:-1\" \/>\n<link rel=\"canonical\" href=\"https:\/\/hskzrinjski.ba\/en\/mediji\/\" \/>\n<meta property=\"og:locale\" content=\"en_US\" \/>\n<meta property=\"og:type\" content=\"article\" \/>\n<meta property=\"og:title\" content=\"PRESS\" \/>\n<meta property=\"og:description\" content=\"SINGLE GAME ACCREDITATION As in previous seasons, individuals without seasonal accreditations will be able to accredit themselves for each home match of H\u0160K Zrinjski via the link https:\/\/hskzrinjski.ba\/mediji\/akreditiranje, no later than three days before the match. After confirmation of accreditation via email, it can be collected on the day of the match at the official [&hellip;]\" \/>\n<meta property=\"og:url\" content=\"https:\/\/hskzrinjski.ba\/en\/mediji\/\" \/>\n<meta property=\"og:site_name\" content=\"H\u0160K Zrinjski Mostar\" \/>\n<meta property=\"article:publisher\" content=\"https:\/\/www.facebook.com\/hsk.zrinjski\" \/>\n<meta property=\"article:modified_time\" content=\"2024-05-18T06:28:26+00:00\" \/>\n<meta property=\"og:image\" content=\"https:\/\/hskzrinjski.ba\/wp-content\/uploads\/2024\/05\/Press.jpg\" \/>\n\t<meta property=\"og:image:width\" content=\"1224\" \/>\n\t<meta property=\"og:image:height\" content=\"701\" \/>\n\t<meta property=\"og:image:type\" content=\"image\/jpeg\" \/>\n<meta name=\"twitter:card\" content=\"summary_large_image\" \/>\n<meta name=\"twitter:site\" content=\"@hskzrinjski\" \/>\n<meta name=\"twitter:label1\" content=\"Est. reading time\" \/>\n\t<meta name=\"twitter:data1\" content=\"2 minutes\" \/>\n<script type=\"application\/ld+json\" class=\"yoast-schema-graph\">{\"@context\":\"https:\/\/schema.org\",\"@graph\":[{\"@type\":\"WebPage\",\"@id\":\"https:\/\/hskzrinjski.ba\/en\/mediji\/\",\"url\":\"https:\/\/hskzrinjski.ba\/en\/mediji\/\",\"name\":\"PRESS\",\"isPartOf\":{\"@id\":\"https:\/\/hskzrinjski.ba\/#website\"},\"primaryImageOfPage\":{\"@id\":\"https:\/\/hskzrinjski.ba\/en\/mediji\/#primaryimage\"},\"image\":{\"@id\":\"https:\/\/hskzrinjski.ba\/en\/mediji\/#primaryimage\"},\"thumbnailUrl\":\"https:\/\/hskzrinjski.ba\/wp-content\/uploads\/2024\/05\/Press.jpg\",\"datePublished\":\"2023-12-13T10:03:10+00:00\",\"dateModified\":\"2024-05-18T06:28:26+00:00\",\"breadcrumb\":{\"@id\":\"https:\/\/hskzrinjski.ba\/en\/mediji\/#breadcrumb\"},\"inLanguage\":\"en-US\",\"potentialAction\":[{\"@type\":\"ReadAction\",\"target\":[\"https:\/\/hskzrinjski.ba\/en\/mediji\/\"]}]},{\"@type\":\"ImageObject\",\"inLanguage\":\"en-US\",\"@id\":\"https:\/\/hskzrinjski.ba\/en\/mediji\/#primaryimage\",\"url\":\"https:\/\/hskzrinjski.ba\/wp-content\/uploads\/2024\/05\/Press.jpg\",\"contentUrl\":\"https:\/\/hskzrinjski.ba\/wp-content\/uploads\/2024\/05\/Press.jpg\",\"width\":1224,\"height\":701},{\"@type\":\"BreadcrumbList\",\"@id\":\"https:\/\/hskzrinjski.ba\/en\/mediji\/#breadcrumb\",\"itemListElement\":[{\"@type\":\"ListItem\",\"position\":1,\"name\":\"Home\",\"item\":\"https:\/\/hskzrinjski.ba\/en\/\"},{\"@type\":\"ListItem\",\"position\":2,\"name\":\"PRESS\"}]},{\"@type\":\"WebSite\",\"@id\":\"https:\/\/hskzrinjski.ba\/#website\",\"url\":\"https:\/\/hskzrinjski.ba\/\",\"name\":\"H\u0160K Zrinjski Mostar\",\"description\":\"\u017divot i vi\u0161e.\",\"publisher\":{\"@id\":\"https:\/\/hskzrinjski.ba\/#organization\"},\"alternateName\":\"Zrinjski Mostar\",\"potentialAction\":[{\"@type\":\"SearchAction\",\"target\":{\"@type\":\"EntryPoint\",\"urlTemplate\":\"https:\/\/hskzrinjski.ba\/?s={search_term_string}\"},\"query-input\":\"required name=search_term_string\"}],\"inLanguage\":\"en-US\"},{\"@type\":\"Organization\",\"@id\":\"https:\/\/hskzrinjski.ba\/#organization\",\"name\":\"Hrvatski \u0161portski klub Zrinjski Mostar\",\"alternateName\":\"H\u0160K Zrinjski Mostar\",\"url\":\"https:\/\/hskzrinjski.ba\/\",\"logo\":{\"@type\":\"ImageObject\",\"inLanguage\":\"en-US\",\"@id\":\"https:\/\/hskzrinjski.ba\/#\/schema\/logo\/image\/\",\"url\":\"https:\/\/hskzrinjski.ba\/wp-content\/uploads\/2024\/05\/HSK-Zrinjski-Grb.png\",\"contentUrl\":\"https:\/\/hskzrinjski.ba\/wp-content\/uploads\/2024\/05\/HSK-Zrinjski-Grb.png\",\"width\":656,\"height\":656,\"caption\":\"Hrvatski \u0161portski klub Zrinjski Mostar\"},\"image\":{\"@id\":\"https:\/\/hskzrinjski.ba\/#\/schema\/logo\/image\/\"},\"sameAs\":[\"https:\/\/www.facebook.com\/hsk.zrinjski\",\"https:\/\/x.com\/hskzrinjski\",\"https:\/\/www.instagram.com\/hsk.zrinjski\"]}]}<\/script>\n<!-- \/ Yoast SEO plugin. -->","yoast_head_json":{"title":"PRESS","robots":{"index":"index","follow":"follow","max-snippet":"max-snippet:-1","max-image-preview":"max-image-preview:large","max-video-preview":"max-video-preview:-1"},"canonical":"https:\/\/hskzrinjski.ba\/en\/mediji\/","og_locale":"en_US","og_type":"article","og_title":"PRESS","og_description":"SINGLE GAME ACCREDITATION As in previous seasons, individuals without seasonal accreditations will be able to accredit themselves for each home match of H\u0160K Zrinjski via the link https:\/\/hskzrinjski.ba\/mediji\/akreditiranje, no later than three days before the match. After confirmation of accreditation via email, it can be collected on the day of the match at the official [&hellip;]","og_url":"https:\/\/hskzrinjski.ba\/en\/mediji\/","og_site_name":"H\u0160K Zrinjski Mostar","article_publisher":"https:\/\/www.facebook.com\/hsk.zrinjski","article_modified_time":"2024-05-18T06:28:26+00:00","og_image":[{"width":1224,"height":701,"url":"https:\/\/hskzrinjski.ba\/wp-content\/uploads\/2024\/05\/Press.jpg","type":"image\/jpeg"}],"twitter_card":"summary_large_image","twitter_site":"@hskzrinjski","twitter_misc":{"Est. reading time":"2 minutes"},"schema":{"@context":"https:\/\/schema.org","@graph":[{"@type":"WebPage","@id":"https:\/\/hskzrinjski.ba\/en\/mediji\/","url":"https:\/\/hskzrinjski.ba\/en\/mediji\/","name":"PRESS","isPartOf":{"@id":"https:\/\/hskzrinjski.ba\/#website"},"primaryImageOfPage":{"@id":"https:\/\/hskzrinjski.ba\/en\/mediji\/#primaryimage"},"image":{"@id":"https:\/\/hskzrinjski.ba\/en\/mediji\/#primaryimage"},"thumbnailUrl":"https:\/\/hskzrinjski.ba\/wp-content\/uploads\/2024\/05\/Press.jpg","datePublished":"2023-12-13T10:03:10+00:00","dateModified":"2024-05-18T06:28:26+00:00","breadcrumb":{"@id":"https:\/\/hskzrinjski.ba\/en\/mediji\/#breadcrumb"},"inLanguage":"en-US","potentialAction":[{"@type":"ReadAction","target":["https:\/\/hskzrinjski.ba\/en\/mediji\/"]}]},{"@type":"ImageObject","inLanguage":"en-US","@id":"https:\/\/hskzrinjski.ba\/en\/mediji\/#primaryimage","url":"https:\/\/hskzrinjski.ba\/wp-content\/uploads\/2024\/05\/Press.jpg","contentUrl":"https:\/\/hskzrinjski.ba\/wp-content\/uploads\/2024\/05\/Press.jpg","width":1224,"height":701},{"@type":"BreadcrumbList","@id":"https:\/\/hskzrinjski.ba\/en\/mediji\/#breadcrumb","itemListElement":[{"@type":"ListItem","position":1,"name":"Home","item":"https:\/\/hskzrinjski.ba\/en\/"},{"@type":"ListItem","position":2,"name":"PRESS"}]},{"@type":"WebSite","@id":"https:\/\/hskzrinjski.ba\/#website","url":"https:\/\/hskzrinjski.ba\/","name":"H\u0160K Zrinjski Mostar","description":"\u017divot i vi\u0161e.","publisher":{"@id":"https:\/\/hskzrinjski.ba\/#organization"},"alternateName":"Zrinjski Mostar","potentialAction":[{"@type":"SearchAction","target":{"@type":"EntryPoint","urlTemplate":"https:\/\/hskzrinjski.ba\/?s={search_term_string}"},"query-input":"required name=search_term_string"}],"inLanguage":"en-US"},{"@type":"Organization","@id":"https:\/\/hskzrinjski.ba\/#organization","name":"Hrvatski \u0161portski klub Zrinjski Mostar","alternateName":"H\u0160K Zrinjski Mostar","url":"https:\/\/hskzrinjski.ba\/","logo":{"@type":"ImageObject","inLanguage":"en-US","@id":"https:\/\/hskzrinjski.ba\/#\/schema\/logo\/image\/","url":"https:\/\/hskzrinjski.ba\/wp-content\/uploads\/2024\/05\/HSK-Zrinjski-Grb.png","contentUrl":"https:\/\/hskzrinjski.ba\/wp-content\/uploads\/2024\/05\/HSK-Zrinjski-Grb.png","width":656,"height":656,"caption":"Hrvatski \u0161portski klub Zrinjski Mostar"},"image":{"@id":"https:\/\/hskzrinjski.ba\/#\/schema\/logo\/image\/"},"sameAs":["https:\/\/www.facebook.com\/hsk.zrinjski","https:\/\/x.com\/hskzrinjski","https:\/\/www.instagram.com\/hsk.zrinjski"]}]}},"_links":{"self":[{"href":"https:\/\/hskzrinjski.ba\/en\/wp-json\/wp\/v2\/pages\/492"}],"collection":[{"href":"https:\/\/hskzrinjski.ba\/en\/wp-json\/wp\/v2\/pages"}],"about":[{"href":"https:\/\/hskzrinjski.ba\/en\/wp-json\/wp\/v2\/types\/page"}],"author":[{"embeddable":true,"href":"https:\/\/hskzrinjski.ba\/en\/wp-json\/wp\/v2\/users\/1"}],"replies":[{"embeddable":true,"href":"https:\/\/hskzrinjski.ba\/en\/wp-json\/wp\/v2\/comments?post=492"}],"version-history":[{"count":5,"href":"https:\/\/hskzrinjski.ba\/en\/wp-json\/wp\/v2\/pages\/492\/revisions"}],"predecessor-version":[{"id":1618,"href":"https:\/\/hskzrinjski.ba\/en\/wp-json\/wp\/v2\/pages\/492\/revisions\/1618"}],"wp:featuredmedia":[{"embeddable":true,"href":"https:\/\/hskzrinjski.ba\/en\/wp-json\/wp\/v2\/media\/1281"}],"wp:attachment":[{"href":"https:\/\/hskzrinjski.ba\/en\/wp-json\/wp\/v2\/media?parent=492"}],"curies":[{"name":"wp","href":"https:\/\/api.w.org\/{rel}","templated":true}]}}